{"id":107,"date":"2011-07-26T15:06:11","date_gmt":"2011-07-26T13:06:11","guid":{"rendered":"http:\/\/www.metalm.rs\/main\/?page_id=107"},"modified":"2024-11-04T19:44:46","modified_gmt":"2024-11-04T18:44:46","slug":"metalne-stolice","status":"publish","type":"page","link":"https:\/\/www.metalmpr.rs\/main\/?page_id=107","title":{"rendered":"Metalna stolica"},"content":{"rendered":"<p style=\"text-align: justify;\"><img decoding=\"async\" loading=\"lazy\" class=\"alignleft wp-image-547 size-full\" src=\"https:\/\/www.metalmpr.rs\/main\/wp-content\/uploads\/stolicenewbeta3.jpg\" alt=\"\" width=\"592\" height=\"307\" \/><\/p>\n<p style=\"text-align: justify;\">Proizvodimo stolice od visoko kvalitetnog \u010deli\u010dnog materijala male te\u017eine, konstuktivno izvedena uvla\u010denjem cevi u cev a zatim zavarivanjem. Metalne delove plastificiramo u boji, \u0161to dodatno \u0161titi metal od korozije a daje na estetici same stolice. Naslon i sedi\u0161te proizvodimo od plastike, koju mo\u017eemo da izlijemo u raznim bojama. Za ve\u0107e koli\u010dine ostavljamo mogu\u0107nost izbora boje same stolice. Kapacitet proizvodnje na mese\u010dnom nivou mo\u017ee dosti\u0107i do 2000 komada, u zavisnosti od tr\u017ei\u0161ta. Dimenzije Stolice B1 su 50x50x80 cm.<\/p>\n<p><a href=\"https:\/\/www.metalmpr.rs\/main\/wp-content\/uploads\/stoliceheder24.jpg\"><img decoding=\"async\" loading=\"lazy\" class=\"alignleft wp-image-551\" src=\"https:\/\/www.metalmpr.rs\/main\/wp-content\/uploads\/stoliceheder24.jpg\" alt=\"\" width=\"222\" height=\"135\" srcset=\"https:\/\/www.metalmpr.rs\/main\/wp-content\/uploads\/stoliceheder24.jpg 602w, https:\/\/www.metalmpr.rs\/main\/wp-content\/uploads\/stoliceheder24-300x182.jpg 300w\" sizes=\"(max-width: 222px) 100vw, 222px\" \/><\/a>\u00a0 \u00a0<a href=\"http:\/\/www.metalm.rs\/main\/wp-content\/uploads\/pro1.jpg\"><img decoding=\"async\" loading=\"lazy\" class=\"size-full wp-image-215 alignnone\" title=\"Konstrukcija stolice\" src=\"https:\/\/www.metalmpr.rs\/main\/wp-content\/uploads\/pro1.jpg\" alt=\"\" width=\"208\" height=\"125\" srcset=\"https:\/\/www.metalmpr.rs\/main\/wp-content\/uploads\/pro1.jpg 602w, https:\/\/www.metalmpr.rs\/main\/wp-content\/uploads\/pro1-300x182.jpg 300w\" sizes=\"(max-width: 208px) 100vw, 208px\" \/><\/a><\/p>\n<p>&nbsp;<\/p>\n","protected":false},"excerpt":{"rendered":"<p>Proizvodimo stolice od visoko kvalitetnog \u010deli\u010dnog materijala male te\u017eine, konstuktivno izvedena uvla\u010denjem cevi u cev a zatim zavarivanjem. [&hellip;]<\/p>\n","protected":false},"author":1,"featured_media":0,"parent":20,"menu_order":1,"comment_status":"closed","ping_status":"closed","template":"","meta":[],"_links":{"self":[{"href":"https:\/\/www.metalmpr.rs\/main\/index.php?rest_route=\/wp\/v2\/pages\/107"}],"collection":[{"href":"https:\/\/www.metalmpr.rs\/main\/index.php?rest_route=\/wp\/v2\/pages"}],"about":[{"href":"https:\/\/www.metalmpr.rs\/main\/index.php?rest_route=\/wp\/v2\/types\/page"}],"author":[{"embeddable":true,"href":"https:\/\/www.metalmpr.rs\/main\/index.php?rest_route=\/wp\/v2\/users\/1"}],"replies":[{"embeddable":true,"href":"https:\/\/www.metalmpr.rs\/main\/index.php?rest_route=%2Fwp%2Fv2%2Fcomments&post=107"}],"version-history":[{"count":46,"href":"https:\/\/www.metalmpr.rs\/main\/index.php?rest_route=\/wp\/v2\/pages\/107\/revisions"}],"predecessor-version":[{"id":761,"href":"https:\/\/www.metalmpr.rs\/main\/index.php?rest_route=\/wp\/v2\/pages\/107\/revisions\/761"}],"up":[{"embeddable":true,"href":"https:\/\/www.metalmpr.rs\/main\/index.php?rest_route=\/wp\/v2\/pages\/20"}],"wp:attachment":[{"href":"https:\/\/www.metalmpr.rs\/main\/index.php?rest_route=%2Fwp%2Fv2%2Fmedia&parent=107"}],"curies":[{"name":"wp","href":"https:\/\/api.w.org\/{rel}","templated":true}]}}