{"id":111,"date":"2011-07-26T15:59:33","date_gmt":"2011-07-26T13:59:33","guid":{"rendered":"http:\/\/www.metalm.rs\/main\/?page_id=111"},"modified":"2024-11-04T19:49:20","modified_gmt":"2024-11-04T18:49:20","slug":"reference","status":"publish","type":"page","link":"https:\/\/www.metalmpr.rs\/main\/?page_id=111","title":{"rendered":"Reference"},"content":{"rendered":"<p style=\"text-align: justify;\"><img decoding=\"async\" loading=\"lazy\" class=\"size-full wp-image-139 aligncenter\" src=\"https:\/\/www.metalmpr.rs\/main\/wp-content\/uploads\/logo.png\" alt=\"\" width=\"148\" height=\"145\" \/>Na osnovu podataka i saznanja sa godi\u0161njom proizvodnjom od preko 100 000 komada predmeta od plastike i metala, METAL MPR zauzima \u00a0oko 1\/3 tr\u017eista u \u0160umadiji i Pomoravlju. Najve\u0107i broj kupaca \u010dine trgovine Srbije 90% a oko 10 % proizvodnje se izvozi u BiH i Kosovo.<\/p>\n<p style=\"text-align: justify;\">Distribucija proizvoda se obavlja sopstvenim prevozom do kupca a posebno se neguje direktan kontakt sa maloprodajnom mre\u017eom i krajnjim korisnicima radi stvaranja uvida u ekspoataciju i naro\u010dito kada se uvodi proizvod na neko novo podru\u010dije. Sve sirovine i delove za proizvodnju pomenutih prozvoda obezbedjuju se sa doma\u0107eg tr\u017ei\u0161ta i to od firmi sa dugogodi\u0161njim iskustvom i tradicijom u pogledu kvaliteta \u00a0koji je neophodan.<\/p>\n<p><strong>Referentna lista najve\u0107ih kupaca:<\/strong><\/p>\n<p>Trnava promet<br \/>\nAgrosistem<br \/>\nOlhis\/hem<br \/>\nSamika<br \/>\nBig promet<br \/>\nBoba<br \/>\nFranjo Pali\u0107<br \/>\nWinners product<br \/>\nAnkom<\/p>\n","protected":false},"excerpt":{"rendered":"<p>Na osnovu podataka i saznanja sa godi\u0161njom proizvodnjom od preko 100 000 komada predmeta od plastike i metala, [&hellip;]<\/p>\n","protected":false},"author":1,"featured_media":0,"parent":18,"menu_order":0,"comment_status":"closed","ping_status":"closed","template":"","meta":[],"_links":{"self":[{"href":"https:\/\/www.metalmpr.rs\/main\/index.php?rest_route=\/wp\/v2\/pages\/111"}],"collection":[{"href":"https:\/\/www.metalmpr.rs\/main\/index.php?rest_route=\/wp\/v2\/pages"}],"about":[{"href":"https:\/\/www.metalmpr.rs\/main\/index.php?rest_route=\/wp\/v2\/types\/page"}],"author":[{"embeddable":true,"href":"https:\/\/www.metalmpr.rs\/main\/index.php?rest_route=\/wp\/v2\/users\/1"}],"replies":[{"embeddable":true,"href":"https:\/\/www.metalmpr.rs\/main\/index.php?rest_route=%2Fwp%2Fv2%2Fcomments&post=111"}],"version-history":[{"count":17,"href":"https:\/\/www.metalmpr.rs\/main\/index.php?rest_route=\/wp\/v2\/pages\/111\/revisions"}],"predecessor-version":[{"id":767,"href":"https:\/\/www.metalmpr.rs\/main\/index.php?rest_route=\/wp\/v2\/pages\/111\/revisions\/767"}],"up":[{"embeddable":true,"href":"https:\/\/www.metalmpr.rs\/main\/index.php?rest_route=\/wp\/v2\/pages\/18"}],"wp:attachment":[{"href":"https:\/\/www.metalmpr.rs\/main\/index.php?rest_route=%2Fwp%2Fv2%2Fmedia&parent=111"}],"curies":[{"name":"wp","href":"https:\/\/api.w.org\/{rel}","templated":true}]}}