{"id":151,"date":"2011-07-27T16:17:08","date_gmt":"2011-07-27T14:17:08","guid":{"rendered":"http:\/\/www.metalm.rs\/main\/?page_id=151"},"modified":"2024-11-04T19:48:32","modified_gmt":"2024-11-04T18:48:32","slug":"lokacija-2","status":"publish","type":"page","link":"https:\/\/www.metalmpr.rs\/main\/?page_id=151","title":{"rendered":"Lokacija"},"content":{"rendered":"<p style=\"text-align: justify;\">Nalazimo se Brzanu, Op\u0161tina Bato\u010dina, pored auto-puta E75 Beograd-Ni\u0161, na magistralnom putu Lapovo-Jagodina koji se\u010de magistralni put Lapovo-Kragujevac. Blizina tako bitnih saobra\u0107ajnica nam dodatno olak\u0161ava transport robe i doprinosti uspe\u0161nosti i boljoj efikasnosti firme.<\/p>\n<p style=\"text-align: justify;\"><a href=\"https:\/\/www.metalmpr.rs\/main\/wp-content\/uploads\/karta2.jpg\"><img decoding=\"async\" loading=\"lazy\" class=\"alignnone size-full wp-image-293\" title=\"Karta\" src=\"https:\/\/www.metalmpr.rs\/main\/wp-content\/uploads\/karta2.jpg\" alt=\"\" width=\"600\" height=\"400\" \/><\/a><\/p>\n","protected":false},"excerpt":{"rendered":"<p>Nalazimo se Brzanu, Op\u0161tina Bato\u010dina, pored auto-puta E75 Beograd-Ni\u0161, na magistralnom putu Lapovo-Jagodina koji se\u010de magistralni put Lapovo-Kragujevac. [&hellip;]<\/p>\n","protected":false},"author":1,"featured_media":0,"parent":18,"menu_order":0,"comment_status":"closed","ping_status":"closed","template":"","meta":[],"_links":{"self":[{"href":"https:\/\/www.metalmpr.rs\/main\/index.php?rest_route=\/wp\/v2\/pages\/151"}],"collection":[{"href":"https:\/\/www.metalmpr.rs\/main\/index.php?rest_route=\/wp\/v2\/pages"}],"about":[{"href":"https:\/\/www.metalmpr.rs\/main\/index.php?rest_route=\/wp\/v2\/types\/page"}],"author":[{"embeddable":true,"href":"https:\/\/www.metalmpr.rs\/main\/index.php?rest_route=\/wp\/v2\/users\/1"}],"replies":[{"embeddable":true,"href":"https:\/\/www.metalmpr.rs\/main\/index.php?rest_route=%2Fwp%2Fv2%2Fcomments&post=151"}],"version-history":[{"count":20,"href":"https:\/\/www.metalmpr.rs\/main\/index.php?rest_route=\/wp\/v2\/pages\/151\/revisions"}],"predecessor-version":[{"id":765,"href":"https:\/\/www.metalmpr.rs\/main\/index.php?rest_route=\/wp\/v2\/pages\/151\/revisions\/765"}],"up":[{"embeddable":true,"href":"https:\/\/www.metalmpr.rs\/main\/index.php?rest_route=\/wp\/v2\/pages\/18"}],"wp:attachment":[{"href":"https:\/\/www.metalmpr.rs\/main\/index.php?rest_route=%2Fwp%2Fv2%2Fmedia&parent=151"}],"curies":[{"name":"wp","href":"https:\/\/api.w.org\/{rel}","templated":true}]}}