{"id":18,"date":"2011-07-19T14:30:34","date_gmt":"2011-07-19T12:30:34","guid":{"rendered":"http:\/\/www.metalm.rs\/main\/?page_id=18"},"modified":"2013-06-14T23:36:28","modified_gmt":"2013-06-14T21:36:28","slug":"o-nama","status":"publish","type":"page","link":"https:\/\/www.metalmpr.rs\/main\/?page_id=18","title":{"rendered":"O nama"},"content":{"rendered":"<p style=\"text-align: justify;\"><img decoding=\"async\" loading=\"lazy\" class=\"size-full wp-image-177 alignnone\" alt=\"\" src=\"http:\/\/www.metalm.rs\/main\/wp-content\/uploads\/mmhouse.jpg\" width=\"598\" height=\"299\" srcset=\"https:\/\/www.metalmpr.rs\/main\/wp-content\/uploads\/mmhouse.jpg 598w, https:\/\/www.metalmpr.rs\/main\/wp-content\/uploads\/mmhouse-300x150.jpg 300w\" sizes=\"(max-width: 598px) 100vw, 598px\" \/><\/p>\n<p style=\"text-align: justify;\"><span style=\"color: #800000;\"><strong>Metal MPR<\/strong><\/span> je porodi\u010dna firma osnovana 1992 godine i nalazi se u okviru stambenog objekta Jovanovi\u0107. Opremljena je savremenim ma\u0161inama za delatnosti kojima se bavi. Pored najrazli\u010ditijih strugarskih i glodarskih radova, bu\u0161enja, rendisanja i bru\u0161enja matalnih komada, radnja se i uspe\u0161no bavi proizvodnjom:<\/p>\n<p style=\"text-align: justify;\">-Raznovrsnih proizvoda od metala &#8220;<span style=\"color: #800000;\">Metalni program<\/span>&#8221;<br \/>\n-Predmeta od papira &#8220;<span style=\"color: #800000;\">Papirni program<\/span>&#8221;<br \/>\n-Predmeta od plasti\u010dnih masa \u00a0&#8220;<span style=\"color: #800000;\">Plasti\u010dni program <\/span>&#8220;<\/p>\n<p style=\"text-align: justify;\">Takodje se bavimo i povr\u0161inskom za\u0161titom metala plastificiranjem i recikla\u017eom otpadaka i ostataka.<\/p>\n<p style=\"text-align: justify;\">Na osnovu podataka i saznanja sa godi\u0161njom proizvodnjom od preko 100 000 komada predmeta od plastike i metala, METAL MPR zauzima \u00a0oko 1\/3 tr\u017eista u \u0160umadiji i Pomoravlju. Najve\u0107i broj kupaca \u010dine trgovine Srbije 90% a oko 10 % proizvodnje se izvozi u BiH i Kosovo.<\/p>\n<p style=\"text-align: justify;\">Distribucija proizvoda se obavlja sopstvenim prevozom do kupca a posebno se neguje direktan kontakt sa maloprodajnom mre\u017eom i krajnjim korisnicima radi stvaranja uvida u ekspoataciju i naro\u010dito kada se uvodi proizvod na neko novo podru\u010dije. Sve sirovine i delove za proizvodnju pomenutih prozvoda obezbedjuju se sa doma\u0107eg tr\u017ei\u0161ta i to od firmi sa dugogodi\u0161njim iskustvom i tradicijom u pogledu kvaliteta \u00a0koji je neophodan.<\/p>\n<p style=\"text-align: justify;\"><span style=\"color: #800000;\"><strong>Konkurentska prednost:<\/strong><\/span><br \/>\n-Ni\u017ea cena<br \/>\n-Kvalitet (firma se u proizvodnji rukovodi zahtevima iz odgovaraju\u0107eg standarda). Obzirom da se ovde radi o proizvodnji kod kojih je obavezan element konkurentske prednosti-kvalitet, cena, dizajn, te je jedna od aktivnosti ove firme-unapredjenje dizajna proizvoda.<\/p>\n<p style=\"text-align: justify;\"><em>Kao po\u0161tovaoci dobre prakse pozivamo Vas da nas obi\u0111ete i budete na\u0161i gosti.<\/em><\/p>\n<p style=\"text-align: justify;\">\n","protected":false},"excerpt":{"rendered":"<p>Metal MPR je porodi\u010dna firma osnovana 1992 godine i nalazi se u okviru stambenog objekta Jovanovi\u0107. Opremljena je [&hellip;]<\/p>\n","protected":false},"author":1,"featured_media":0,"parent":0,"menu_order":1,"comment_status":"closed","ping_status":"closed","template":"","meta":[],"_links":{"self":[{"href":"https:\/\/www.metalmpr.rs\/main\/index.php?rest_route=\/wp\/v2\/pages\/18"}],"collection":[{"href":"https:\/\/www.metalmpr.rs\/main\/index.php?rest_route=\/wp\/v2\/pages"}],"about":[{"href":"https:\/\/www.metalmpr.rs\/main\/index.php?rest_route=\/wp\/v2\/types\/page"}],"author":[{"embeddable":true,"href":"https:\/\/www.metalmpr.rs\/main\/index.php?rest_route=\/wp\/v2\/users\/1"}],"replies":[{"embeddable":true,"href":"https:\/\/www.metalmpr.rs\/main\/index.php?rest_route=%2Fwp%2Fv2%2Fcomments&post=18"}],"version-history":[{"count":23,"href":"https:\/\/www.metalmpr.rs\/main\/index.php?rest_route=\/wp\/v2\/pages\/18\/revisions"}],"predecessor-version":[{"id":494,"href":"https:\/\/www.metalmpr.rs\/main\/index.php?rest_route=\/wp\/v2\/pages\/18\/revisions\/494"}],"wp:attachment":[{"href":"https:\/\/www.metalmpr.rs\/main\/index.php?rest_route=%2Fwp%2Fv2%2Fmedia&parent=18"}],"curies":[{"name":"wp","href":"https:\/\/api.w.org\/{rel}","templated":true}]}}