{"id":20,"date":"2011-07-19T14:30:54","date_gmt":"2011-07-19T12:30:54","guid":{"rendered":"http:\/\/www.metalm.rs\/main\/?page_id=20"},"modified":"2024-12-07T10:36:40","modified_gmt":"2024-12-07T09:36:40","slug":"proizvodi","status":"publish","type":"page","link":"https:\/\/www.metalmpr.rs\/main\/?page_id=20","title":{"rendered":"Proizvodi"},"content":{"rendered":"<p>[vc_row][vc_column][vc_column_text]<a href=\"https:\/\/www.metalmpr.rs\/main\/?page_id=60\">Sve\u0107njak za sedam sve\u0107a<\/a><br \/>\n<a href=\"https:\/\/www.metalmpr.rs\/main\/?page_id=107\">Metalna stolica<\/a><br \/>\n<a title=\"Metalne stolice\" href=\"https:\/\/www.metalmpr.rs\/main\/?page_id=582\">Metalna stolica B1<\/a><br \/>\n<a href=\"https:\/\/www.metalmpr.rs\/main\/?page_id=647\">Metalna stolica B2<\/a><br \/>\n<a href=\"https:\/\/www.metalmpr.rs\/main\/?page_id=678\">Metalna stolica B3<\/a><br \/>\n<a title=\"Metalni dr\u017ea\u010d za saksije\" href=\"https:\/\/www.metalmpr.rs\/main\/?page_id=417\">Metalni dr\u017ea\u010d za saksije<\/a><a title=\"Brisa\u010di podova\" href=\"https:\/\/www.metalmpr.rs\/main\/?page_id=93\"><br \/>\nBrisa\u010di podova\/zogeri<\/a><br \/>\n<a title=\"Ulo\u0161ci zogera\" href=\"https:\/\/www.metalmpr.rs\/main\/?page_id=299\">Ulo\u0161ci zogera, transportno pakovanje 80 komada<\/a><br \/>\n<a title=\"Brisa\u010di stakla\" href=\"https:\/\/www.metalmpr.rs\/main\/?page_id=251\">Stabilni brisa\u010di stakla<\/a><br \/>\n<a title=\"Brisa\u010di stakla\" href=\"https:\/\/www.metalmpr.rs\/main\/?page_id=251\">Teleskopski brisa\u010di stakla<\/a><br \/>\n<a title=\"Super brisko\" href=\"https:\/\/www.metalmpr.rs\/main\/?page_id=232\">Super brisko<\/a><br \/>\n<a title=\"Rezervna krpa za Super briska\" href=\"https:\/\/www.metalmpr.rs\/main\/?page_id=385\">Rezervna krpa za Super briska<\/a><br \/>\n<a title=\"Brisa\u010di stakla\" href=\"https:\/\/www.metalmpr.rs\/main\/?page_id=251\">Ru\u010dni brisa\u010d stakla<\/a><br \/>\nUniverzalna krpa za brisanje<br \/>\n<a title=\"\u0160kolski sundjer\" href=\"https:\/\/www.metalmpr.rs\/main\/?page_id=267\">\u0160kolski sundjer 100x170x60 60 komada u kutiji<\/a><br \/>\n<a title=\"Sundjer za pranje kola\" href=\"https:\/\/www.metalmpr.rs\/main\/?page_id=351\">Sundjer za pranje kola 110x270x60<\/a><br \/>\n<a title=\"\u0160olje za kafu\" href=\"https:\/\/www.metalmpr.rs\/main\/?page_id=274\">\u0160olje za kafu\u00a0<\/a><br \/>\n<a title=\"Ka\u0161i\u010dice za kafu\" href=\"https:\/\/www.metalmpr.rs\/main\/?page_id=277\">Ka\u0161i\u010dice za kafu pak 1-500 kom<\/a><br \/>\n<a title=\"Plasti\u010dna kofica\" href=\"https:\/\/www.metalmpr.rs\/main\/?page_id=270\">Plasti\u010dna kofica sa poklopcem i ru\u010dicom od 3 kg<\/a><br \/>\n<a title=\"\u010cetke za pranje \u010da\u0161a\" href=\"https:\/\/www.metalmpr.rs\/main\/?page_id=229\">\u010cetka za pranje \u010dasa<\/a><br \/>\n<a title=\"Univerzalna kop\u010de\" href=\"https:\/\/www.metalmpr.rs\/main\/?page_id=314\">Univerzalna kop\u010da<\/a><br \/>\n<a title=\"Sedi\u0161te za kadu\" href=\"https:\/\/www.metalmpr.rs\/main\/?page_id=438\">Sedi\u0161te za kadu<br \/>\n<\/a><a href=\"https:\/\/www.metalmpr.rs\/main\/?page_id=562\">Sedi\u0161te za kadu za naslonom<\/a><\/p>\n<p><img decoding=\"async\" loading=\"lazy\" class=\"alignnone size-full wp-image-259\" src=\"https:\/\/www.metalmpr.rs\/main\/wp-content\/uploads\/proizvodnja.jpg\" alt=\"\" width=\"598\" height=\"299\" srcset=\"https:\/\/www.metalmpr.rs\/main\/wp-content\/uploads\/proizvodnja.jpg 598w, https:\/\/www.metalmpr.rs\/main\/wp-content\/uploads\/proizvodnja-300x150.jpg 300w\" sizes=\"(max-width: 598px) 100vw, 598px\" \/>[\/vc_column_text][\/vc_column][\/vc_row]<\/p>\n","protected":false},"excerpt":{"rendered":"<p>[vc_row][vc_column][vc_column_text]Sve\u0107njak za sedam sve\u0107a Metalna stolica Metalna stolica B1 Metalna stolica B2 Metalna stolica B3 Metalni dr\u017ea\u010d za [&hellip;]<\/p>\n","protected":false},"author":1,"featured_media":257,"parent":0,"menu_order":3,"comment_status":"closed","ping_status":"closed","template":"","meta":[],"_links":{"self":[{"href":"https:\/\/www.metalmpr.rs\/main\/index.php?rest_route=\/wp\/v2\/pages\/20"}],"collection":[{"href":"https:\/\/www.metalmpr.rs\/main\/index.php?rest_route=\/wp\/v2\/pages"}],"about":[{"href":"https:\/\/www.metalmpr.rs\/main\/index.php?rest_route=\/wp\/v2\/types\/page"}],"author":[{"embeddable":true,"href":"https:\/\/www.metalmpr.rs\/main\/index.php?rest_route=\/wp\/v2\/users\/1"}],"replies":[{"embeddable":true,"href":"https:\/\/www.metalmpr.rs\/main\/index.php?rest_route=%2Fwp%2Fv2%2Fcomments&post=20"}],"version-history":[{"count":47,"href":"https:\/\/www.metalmpr.rs\/main\/index.php?rest_route=\/wp\/v2\/pages\/20\/revisions"}],"predecessor-version":[{"id":789,"href":"https:\/\/www.metalmpr.rs\/main\/index.php?rest_route=\/wp\/v2\/pages\/20\/revisions\/789"}],"wp:featuredmedia":[{"embeddable":true,"href":"https:\/\/www.metalmpr.rs\/main\/index.php?rest_route=\/wp\/v2\/media\/257"}],"wp:attachment":[{"href":"https:\/\/www.metalmpr.rs\/main\/index.php?rest_route=%2Fwp%2Fv2%2Fmedia&parent=20"}],"curies":[{"name":"wp","href":"https:\/\/api.w.org\/{rel}","templated":true}]}}