{"id":229,"date":"2011-07-31T14:51:06","date_gmt":"2011-07-31T12:51:06","guid":{"rendered":"http:\/\/www.metalm.rs\/main\/?page_id=229"},"modified":"2011-08-02T11:27:55","modified_gmt":"2011-08-02T09:27:55","slug":"cetke-za-pranje-casa","status":"publish","type":"page","link":"https:\/\/www.metalmpr.rs\/main\/?page_id=229","title":{"rendered":"\u010cetke za pranje \u010da\u0161a"},"content":{"rendered":"<p><img decoding=\"async\" loading=\"lazy\" class=\"size-full wp-image-230 alignnone\" src=\"http:\/\/www.metalm.rs\/main\/wp-content\/uploads\/ciscase.jpg\" alt=\"\" width=\"598\" height=\"299\" srcset=\"https:\/\/www.metalmpr.rs\/main\/wp-content\/uploads\/ciscase.jpg 598w, https:\/\/www.metalmpr.rs\/main\/wp-content\/uploads\/ciscase-300x150.jpg 300w\" sizes=\"(max-width: 598px) 100vw, 598px\" \/><\/p>\n","protected":false},"excerpt":{"rendered":"","protected":false},"author":1,"featured_media":0,"parent":20,"menu_order":9,"comment_status":"closed","ping_status":"closed","template":"","meta":[],"_links":{"self":[{"href":"https:\/\/www.metalmpr.rs\/main\/index.php?rest_route=\/wp\/v2\/pages\/229"}],"collection":[{"href":"https:\/\/www.metalmpr.rs\/main\/index.php?rest_route=\/wp\/v2\/pages"}],"about":[{"href":"https:\/\/www.metalmpr.rs\/main\/index.php?rest_route=\/wp\/v2\/types\/page"}],"author":[{"embeddable":true,"href":"https:\/\/www.metalmpr.rs\/main\/index.php?rest_route=\/wp\/v2\/users\/1"}],"replies":[{"embeddable":true,"href":"https:\/\/www.metalmpr.rs\/main\/index.php?rest_route=%2Fwp%2Fv2%2Fcomments&post=229"}],"version-history":[{"count":3,"href":"https:\/\/www.metalmpr.rs\/main\/index.php?rest_route=\/wp\/v2\/pages\/229\/revisions"}],"predecessor-version":[{"id":306,"href":"https:\/\/www.metalmpr.rs\/main\/index.php?rest_route=\/wp\/v2\/pages\/229\/revisions\/306"}],"up":[{"embeddable":true,"href":"https:\/\/www.metalmpr.rs\/main\/index.php?rest_route=\/wp\/v2\/pages\/20"}],"wp:attachment":[{"href":"https:\/\/www.metalmpr.rs\/main\/index.php?rest_route=%2Fwp%2Fv2%2Fmedia&parent=229"}],"curies":[{"name":"wp","href":"https:\/\/api.w.org\/{rel}","templated":true}]}}