{"id":232,"date":"2011-07-31T14:52:18","date_gmt":"2011-07-31T12:52:18","guid":{"rendered":"http:\/\/www.metalm.rs\/main\/?page_id=232"},"modified":"2024-11-04T19:43:02","modified_gmt":"2024-11-04T18:43:02","slug":"super-brisko","status":"publish","type":"page","link":"https:\/\/www.metalmpr.rs\/main\/?page_id=232","title":{"rendered":"Super brisko"},"content":{"rendered":"<p style=\"text-align: justify;\">Predstavljamo Vam Super Briska &#8211; apsorbuje i skuplja kao nijedan brisa\u0161 podova dosad. Nema potrebe da \u010distite niti usisavate \u2013 Super Brisko mo\u017ee sve, pa i da prepolovi vreme koje tro\u0161ite na \u010di\u0161\u0107enje. Svaki put o\u010disti brzo i lako. Lak\u0161i je od 0.5 kilograma, bezbedan je za upotrebu na svim povr\u0161inama i ostavlja va\u0161e podove \u010diste i suve. Glave se peru u ma\u0161ini i mogu da potraju do 3 godine.<\/p>\n<p><img decoding=\"async\" loading=\"lazy\" class=\"alignnone size-full wp-image-242\" title=\"Super brisko\" src=\"https:\/\/www.metalmpr.rs\/main\/wp-content\/uploads\/briskom.jpg\" alt=\"\" width=\"598\" height=\"299\" srcset=\"https:\/\/www.metalmpr.rs\/main\/wp-content\/uploads\/briskom.jpg 598w, https:\/\/www.metalmpr.rs\/main\/wp-content\/uploads\/briskom-300x150.jpg 300w\" sizes=\"(max-width: 598px) 100vw, 598px\" \/><\/p>\n<p><span style=\"color: #800000;\">Karakteristike:<\/span><br \/>\n&#8211; Velika mo\u0107 apsorpcije i sakupljanja<br \/>\n&#8211; Jednostavan i brz<br \/>\n&#8211; \u010cisti sve vrste povr\u0161ina<br \/>\n&#8211; Rezervna krpa se lako menja i mo\u017ee se prati u ma\u0161ini za pranje ve\u0161a<\/p>\n<p><a href=\"https:\/\/www.metalmpr.rs\/main\/wp-content\/uploads\/SB.jpg\"><img decoding=\"async\" loading=\"lazy\" class=\"alignnone size-full wp-image-375\" title=\"Super brisko\" src=\"https:\/\/www.metalmpr.rs\/main\/wp-content\/uploads\/SB.jpg\" alt=\"\" width=\"183\" height=\"300\" \/><\/a>\u00a0 \u00a0<iframe loading=\"lazy\" src=\"http:\/\/www.youtube.com\/embed\/TWf7c0OlTzk\" width=\"400\" height=\"300\" frameborder=\"0\"><\/iframe><\/p>\n","protected":false},"excerpt":{"rendered":"<p>Predstavljamo Vam Super Briska &#8211; apsorbuje i skuplja kao nijedan brisa\u0161 podova dosad. Nema potrebe da \u010distite niti [&hellip;]<\/p>\n","protected":false},"author":1,"featured_media":0,"parent":20,"menu_order":3,"comment_status":"closed","ping_status":"closed","template":"","meta":[],"_links":{"self":[{"href":"https:\/\/www.metalmpr.rs\/main\/index.php?rest_route=\/wp\/v2\/pages\/232"}],"collection":[{"href":"https:\/\/www.metalmpr.rs\/main\/index.php?rest_route=\/wp\/v2\/pages"}],"about":[{"href":"https:\/\/www.metalmpr.rs\/main\/index.php?rest_route=\/wp\/v2\/types\/page"}],"author":[{"embeddable":true,"href":"https:\/\/www.metalmpr.rs\/main\/index.php?rest_route=\/wp\/v2\/users\/1"}],"replies":[{"embeddable":true,"href":"https:\/\/www.metalmpr.rs\/main\/index.php?rest_route=%2Fwp%2Fv2%2Fcomments&post=232"}],"version-history":[{"count":27,"href":"https:\/\/www.metalmpr.rs\/main\/index.php?rest_route=\/wp\/v2\/pages\/232\/revisions"}],"predecessor-version":[{"id":757,"href":"https:\/\/www.metalmpr.rs\/main\/index.php?rest_route=\/wp\/v2\/pages\/232\/revisions\/757"}],"up":[{"embeddable":true,"href":"https:\/\/www.metalmpr.rs\/main\/index.php?rest_route=\/wp\/v2\/pages\/20"}],"wp:attachment":[{"href":"https:\/\/www.metalmpr.rs\/main\/index.php?rest_route=%2Fwp%2Fv2%2Fmedia&parent=232"}],"curies":[{"name":"wp","href":"https:\/\/api.w.org\/{rel}","templated":true}]}}