{"id":251,"date":"2011-07-31T15:32:31","date_gmt":"2011-07-31T13:32:31","guid":{"rendered":"http:\/\/www.metalm.rs\/main\/?page_id=251"},"modified":"2011-08-21T13:28:08","modified_gmt":"2011-08-21T11:28:08","slug":"brisaci-stakla","status":"publish","type":"page","link":"https:\/\/www.metalmpr.rs\/main\/?page_id=251","title":{"rendered":"Brisa\u010di stakla"},"content":{"rendered":"<p style=\"text-align: justify;\"><strong>Telekopski brisa\u010di<\/strong><\/p>\n<p style=\"text-align: justify;\">Namenjeni su za pranje visokih prozorskih stakala, jedna strana brisa\u010da slu\u017ei da se na staklo nanese voda i opere, a drugom stranom brisa\u010da se pomo\u0107u gumenog profila osu\u0161i.<br \/>\n<img decoding=\"async\" loading=\"lazy\" class=\"alignnone size-full wp-image-340\" title=\"Teleskopski brisa\u010di stakla\" src=\"http:\/\/www.metalm.rs\/main\/wp-content\/uploads\/teleskopb1.jpg\" alt=\"\" width=\"598\" height=\"247\" srcset=\"https:\/\/www.metalmpr.rs\/main\/wp-content\/uploads\/teleskopb1.jpg 598w, https:\/\/www.metalmpr.rs\/main\/wp-content\/uploads\/teleskopb1-300x123.jpg 300w\" sizes=\"(max-width: 598px) 100vw, 598px\" \/><\/p>\n<p style=\"text-align: justify;\"><strong>Stabilni brisa\u010di<\/strong><\/p>\n<p>Oni su kra\u0107i i imaju istu namenu ali slu\u017ee za brisanje prozorskih stakala manje visine<br \/>\n<img decoding=\"async\" loading=\"lazy\" class=\"alignnone size-full wp-image-344\" title=\"Stabilni brisa\u010di stakla\" src=\"http:\/\/www.metalm.rs\/main\/wp-content\/uploads\/stablinib.jpg\" alt=\"\" width=\"598\" height=\"247\" srcset=\"https:\/\/www.metalmpr.rs\/main\/wp-content\/uploads\/stablinib.jpg 598w, https:\/\/www.metalmpr.rs\/main\/wp-content\/uploads\/stablinib-300x123.jpg 300w\" sizes=\"(max-width: 598px) 100vw, 598px\" \/><\/p>\n<p><strong>Ru\u010dni brisa\u010di<\/strong><\/p>\n<p>Oni imaju istu namenu, osim \u0161to imaju kratku dr\u0161ku i pored brisanja prozora na stambenim objektima, mogu se koristiti i za brisanje prozora na kolima.<\/p>\n<p><img decoding=\"async\" loading=\"lazy\" class=\"alignnone size-full wp-image-372\" title=\"Ru\u010dni brisa\u010di stakla\" src=\"http:\/\/www.metalm.rs\/main\/wp-content\/uploads\/rucni-brisaci.jpg\" alt=\"\" width=\"598\" height=\"247\" srcset=\"https:\/\/www.metalmpr.rs\/main\/wp-content\/uploads\/rucni-brisaci.jpg 598w, https:\/\/www.metalmpr.rs\/main\/wp-content\/uploads\/rucni-brisaci-300x123.jpg 300w\" sizes=\"(max-width: 598px) 100vw, 598px\" \/><\/p>\n","protected":false},"excerpt":{"rendered":"<p>Telekopski brisa\u010di Namenjeni su za pranje visokih prozorskih stakala, jedna strana brisa\u010da slu\u017ei da se na staklo nanese [&hellip;]<\/p>\n","protected":false},"author":1,"featured_media":0,"parent":20,"menu_order":8,"comment_status":"closed","ping_status":"closed","template":"","meta":[],"_links":{"self":[{"href":"https:\/\/www.metalmpr.rs\/main\/index.php?rest_route=\/wp\/v2\/pages\/251"}],"collection":[{"href":"https:\/\/www.metalmpr.rs\/main\/index.php?rest_route=\/wp\/v2\/pages"}],"about":[{"href":"https:\/\/www.metalmpr.rs\/main\/index.php?rest_route=\/wp\/v2\/types\/page"}],"author":[{"embeddable":true,"href":"https:\/\/www.metalmpr.rs\/main\/index.php?rest_route=\/wp\/v2\/users\/1"}],"replies":[{"embeddable":true,"href":"https:\/\/www.metalmpr.rs\/main\/index.php?rest_route=%2Fwp%2Fv2%2Fcomments&post=251"}],"version-history":[{"count":13,"href":"https:\/\/www.metalmpr.rs\/main\/index.php?rest_route=\/wp\/v2\/pages\/251\/revisions"}],"predecessor-version":[{"id":374,"href":"https:\/\/www.metalmpr.rs\/main\/index.php?rest_route=\/wp\/v2\/pages\/251\/revisions\/374"}],"up":[{"embeddable":true,"href":"https:\/\/www.metalmpr.rs\/main\/index.php?rest_route=\/wp\/v2\/pages\/20"}],"wp:attachment":[{"href":"https:\/\/www.metalmpr.rs\/main\/index.php?rest_route=%2Fwp%2Fv2%2Fmedia&parent=251"}],"curies":[{"name":"wp","href":"https:\/\/api.w.org\/{rel}","templated":true}]}}