{"id":417,"date":"2012-03-13T14:45:23","date_gmt":"2012-03-13T13:45:23","guid":{"rendered":"http:\/\/www.metalm.rs\/main\/?page_id=417"},"modified":"2012-03-13T14:58:50","modified_gmt":"2012-03-13T13:58:50","slug":"metalni-drzac-za-saksije","status":"publish","type":"page","link":"https:\/\/www.metalmpr.rs\/main\/?page_id=417","title":{"rendered":"Metalni dr\u017ea\u010d za saksije"},"content":{"rendered":"<p>Slu\u017ei za postavljanje ba\u0161tenskih saksija na ogradama (gelenderima) terasa.<br \/>\nMogu\u0107a plastifikacija u raznim bojama, po \u017eelji kupca. Osnovne boje braon i bela.<\/p>\n<p><img decoding=\"async\" loading=\"lazy\" class=\"alignnone  wp-image-419\" src=\"http:\/\/www.metalm.rs\/main\/wp-content\/uploads\/drzsaksije.jpg\" alt=\"\" width=\"235\" height=\"152\" srcset=\"https:\/\/www.metalmpr.rs\/main\/wp-content\/uploads\/drzsaksije.jpg 800w, https:\/\/www.metalmpr.rs\/main\/wp-content\/uploads\/drzsaksije-300x194.jpg 300w\" sizes=\"(max-width: 235px) 100vw, 235px\" \/>\u00a0<a href=\"http:\/\/www.metalm.rs\/main\/wp-content\/uploads\/dmzzsaksije.jpg\"><img decoding=\"async\" loading=\"lazy\" class=\"alignnone  wp-image-418\" src=\"http:\/\/www.metalm.rs\/main\/wp-content\/uploads\/dmzzsaksije.jpg\" alt=\"\" width=\"233\" height=\"151\" srcset=\"https:\/\/www.metalmpr.rs\/main\/wp-content\/uploads\/dmzzsaksije.jpg 800w, https:\/\/www.metalmpr.rs\/main\/wp-content\/uploads\/dmzzsaksije-300x194.jpg 300w\" sizes=\"(max-width: 233px) 100vw, 233px\" \/><\/a><\/p>\n","protected":false},"excerpt":{"rendered":"<p>Slu\u017ei za postavljanje ba\u0161tenskih saksija na ogradama (gelenderima) terasa. Mogu\u0107a plastifikacija u raznim bojama, po \u017eelji kupca. Osnovne [&hellip;]<\/p>\n","protected":false},"author":1,"featured_media":0,"parent":20,"menu_order":1,"comment_status":"open","ping_status":"open","template":"","meta":[],"_links":{"self":[{"href":"https:\/\/www.metalmpr.rs\/main\/index.php?rest_route=\/wp\/v2\/pages\/417"}],"collection":[{"href":"https:\/\/www.metalmpr.rs\/main\/index.php?rest_route=\/wp\/v2\/pages"}],"about":[{"href":"https:\/\/www.metalmpr.rs\/main\/index.php?rest_route=\/wp\/v2\/types\/page"}],"author":[{"embeddable":true,"href":"https:\/\/www.metalmpr.rs\/main\/index.php?rest_route=\/wp\/v2\/users\/1"}],"replies":[{"embeddable":true,"href":"https:\/\/www.metalmpr.rs\/main\/index.php?rest_route=%2Fwp%2Fv2%2Fcomments&post=417"}],"version-history":[{"count":11,"href":"https:\/\/www.metalmpr.rs\/main\/index.php?rest_route=\/wp\/v2\/pages\/417\/revisions"}],"predecessor-version":[{"id":431,"href":"https:\/\/www.metalmpr.rs\/main\/index.php?rest_route=\/wp\/v2\/pages\/417\/revisions\/431"}],"up":[{"embeddable":true,"href":"https:\/\/www.metalmpr.rs\/main\/index.php?rest_route=\/wp\/v2\/pages\/20"}],"wp:attachment":[{"href":"https:\/\/www.metalmpr.rs\/main\/index.php?rest_route=%2Fwp%2Fv2%2Fmedia&parent=417"}],"curies":[{"name":"wp","href":"https:\/\/api.w.org\/{rel}","templated":true}]}}