{"id":438,"date":"2012-12-09T15:12:22","date_gmt":"2012-12-09T14:12:22","guid":{"rendered":"http:\/\/www.metalm.rs\/main\/?page_id=438"},"modified":"2012-12-09T15:52:28","modified_gmt":"2012-12-09T14:52:28","slug":"sediste-za-kadu","status":"publish","type":"page","link":"https:\/\/www.metalmpr.rs\/main\/?page_id=438","title":{"rendered":"Sedi\u0161te za kadu"},"content":{"rendered":"<p>Sigurnosno sedi\u0161te za kadu izra\u0111eno od plastificiranih metalnih cevi i \u010dvrste plastike.<\/p>\n<p>\u0160irina sedi\u0161ta je podesiva.<\/p>\n<p>Dimenzije\u00a0(\u0160xDxV): 42 x 38 x 27 cm.<br \/>\n\u0160irina izme\u0111u naslona za kadu: 44 &#8211; 51 cm.<\/p>\n<p><span style=\"color: #993300;\">Maksimalna te\u017eina korisnika: 110 kg.<\/span><\/p>\n<p><img decoding=\"async\" loading=\"lazy\" class=\"alignnone size-full wp-image-440\" src=\"http:\/\/www.metalm.rs\/main\/wp-content\/uploads\/projekat-sedista-za-kadu.jpg\" alt=\"\" width=\"592\" height=\"367\" srcset=\"https:\/\/www.metalmpr.rs\/main\/wp-content\/uploads\/projekat-sedista-za-kadu.jpg 592w, https:\/\/www.metalmpr.rs\/main\/wp-content\/uploads\/projekat-sedista-za-kadu-300x185.jpg 300w\" sizes=\"(max-width: 592px) 100vw, 592px\" \/><\/p>\n\n\t\t<style type=\"text\/css\">\n\t\t\t#gallery-1 {\n\t\t\t\tmargin: auto;\n\t\t\t}\n\t\t\t#gallery-1 .gallery-item {\n\t\t\t\tfloat: left;\n\t\t\t\tmargin-top: 10px;\n\t\t\t\ttext-align: center;\n\t\t\t\twidth: 33%;\n\t\t\t}\n\t\t\t#gallery-1 img {\n\t\t\t\tborder: 2px solid #cfcfcf;\n\t\t\t}\n\t\t\t#gallery-1 .gallery-caption {\n\t\t\t\tmargin-left: 0;\n\t\t\t}\n\t\t\t\/* see gallery_shortcode() in wp-includes\/media.php *\/\n\t\t<\/style>\n\t\t<div id='gallery-1' class='gallery galleryid-438 gallery-columns-3 gallery-size-thumbnail'><dl class='gallery-item'>\n\t\t\t<dt class='gallery-icon landscape'>\n\t\t\t\t<a href='https:\/\/www.metalmpr.rs\/main\/wp-content\/uploads\/s1.jpg'><img width=\"150\" height=\"150\" src=\"https:\/\/www.metalmpr.rs\/main\/wp-content\/uploads\/s1-150x150.jpg\" class=\"attachment-thumbnail size-thumbnail\" alt=\"\" decoding=\"async\" loading=\"lazy\" srcset=\"https:\/\/www.metalmpr.rs\/main\/wp-content\/uploads\/s1-150x150.jpg 150w, https:\/\/www.metalmpr.rs\/main\/wp-content\/uploads\/s1-92x92.jpg 92w\" sizes=\"(max-width: 150px) 100vw, 150px\" \/><\/a>\n\t\t\t<\/dt><\/dl><dl class='gallery-item'>\n\t\t\t<dt class='gallery-icon landscape'>\n\t\t\t\t<a href='https:\/\/www.metalmpr.rs\/main\/wp-content\/uploads\/s2.jpg'><img width=\"150\" height=\"150\" src=\"https:\/\/www.metalmpr.rs\/main\/wp-content\/uploads\/s2-150x150.jpg\" class=\"attachment-thumbnail size-thumbnail\" alt=\"\" decoding=\"async\" loading=\"lazy\" srcset=\"https:\/\/www.metalmpr.rs\/main\/wp-content\/uploads\/s2-150x150.jpg 150w, https:\/\/www.metalmpr.rs\/main\/wp-content\/uploads\/s2-92x92.jpg 92w\" sizes=\"(max-width: 150px) 100vw, 150px\" \/><\/a>\n\t\t\t<\/dt><\/dl><dl class='gallery-item'>\n\t\t\t<dt class='gallery-icon landscape'>\n\t\t\t\t<a href='https:\/\/www.metalmpr.rs\/main\/wp-content\/uploads\/s3.jpg'><img width=\"150\" height=\"150\" src=\"https:\/\/www.metalmpr.rs\/main\/wp-content\/uploads\/s3-150x150.jpg\" class=\"attachment-thumbnail size-thumbnail\" alt=\"\" decoding=\"async\" loading=\"lazy\" srcset=\"https:\/\/www.metalmpr.rs\/main\/wp-content\/uploads\/s3-150x150.jpg 150w, https:\/\/www.metalmpr.rs\/main\/wp-content\/uploads\/s3-92x92.jpg 92w\" sizes=\"(max-width: 150px) 100vw, 150px\" \/><\/a>\n\t\t\t<\/dt><\/dl><br style=\"clear: both\" \/>\n\t\t<\/div>\n\n","protected":false},"excerpt":{"rendered":"<p>Sigurnosno sedi\u0161te za kadu izra\u0111eno od plastificiranih metalnih cevi i \u010dvrste plastike. \u0160irina sedi\u0161ta je podesiva. Dimenzije\u00a0(\u0160xDxV): 42 [&hellip;]<\/p>\n","protected":false},"author":1,"featured_media":0,"parent":20,"menu_order":1,"comment_status":"open","ping_status":"open","template":"","meta":[],"_links":{"self":[{"href":"https:\/\/www.metalmpr.rs\/main\/index.php?rest_route=\/wp\/v2\/pages\/438"}],"collection":[{"href":"https:\/\/www.metalmpr.rs\/main\/index.php?rest_route=\/wp\/v2\/pages"}],"about":[{"href":"https:\/\/www.metalmpr.rs\/main\/index.php?rest_route=\/wp\/v2\/types\/page"}],"author":[{"embeddable":true,"href":"https:\/\/www.metalmpr.rs\/main\/index.php?rest_route=\/wp\/v2\/users\/1"}],"replies":[{"embeddable":true,"href":"https:\/\/www.metalmpr.rs\/main\/index.php?rest_route=%2Fwp%2Fv2%2Fcomments&post=438"}],"version-history":[{"count":10,"href":"https:\/\/www.metalmpr.rs\/main\/index.php?rest_route=\/wp\/v2\/pages\/438\/revisions"}],"predecessor-version":[{"id":454,"href":"https:\/\/www.metalmpr.rs\/main\/index.php?rest_route=\/wp\/v2\/pages\/438\/revisions\/454"}],"up":[{"embeddable":true,"href":"https:\/\/www.metalmpr.rs\/main\/index.php?rest_route=\/wp\/v2\/pages\/20"}],"wp:attachment":[{"href":"https:\/\/www.metalmpr.rs\/main\/index.php?rest_route=%2Fwp%2Fv2%2Fmedia&parent=438"}],"curies":[{"name":"wp","href":"https:\/\/api.w.org\/{rel}","templated":true}]}}