{"id":60,"date":"2011-07-25T13:14:55","date_gmt":"2011-07-25T11:14:55","guid":{"rendered":"http:\/\/www.metalm.rs\/main\/?page_id=60"},"modified":"2022-07-09T15:35:41","modified_gmt":"2022-07-09T13:35:41","slug":"plastifikacija","status":"publish","type":"page","link":"https:\/\/www.metalmpr.rs\/main\/?page_id=60","title":{"rendered":"Sve\u0107njak"},"content":{"rendered":"<p>&nbsp;<\/p>\n<p>Izrada od vu\u010denih profila, zlatna plastifikacija, sedam dr\u017ea\u010da<br \/>\nza sve\u0107e, kvalitetna obrada. Te\u017eine 2.6 kg, visine 60 cm.<\/p>\n<p><img decoding=\"async\" loading=\"lazy\" class=\"alignleft wp-image-747\" src=\"http:\/\/www.metalm.rs\/main\/wp-content\/uploads\/Screenshot-2022-07-09-at-15.30.41.png\" alt=\"\" width=\"431\" height=\"618\" srcset=\"https:\/\/www.metalmpr.rs\/main\/wp-content\/uploads\/Screenshot-2022-07-09-at-15.30.41.png 344w, https:\/\/www.metalmpr.rs\/main\/wp-content\/uploads\/Screenshot-2022-07-09-at-15.30.41-209x300.png 209w\" sizes=\"(max-width: 431px) 100vw, 431px\" \/><\/p>\n","protected":false},"excerpt":{"rendered":"<p>&nbsp; Izrada od vu\u010denih profila, zlatna plastifikacija, sedam dr\u017ea\u010da za sve\u0107e, kvalitetna obrada. Te\u017eine 2.6 kg, visine 60 [&hellip;]<\/p>\n","protected":false},"author":1,"featured_media":0,"parent":0,"menu_order":2,"comment_status":"closed","ping_status":"closed","template":"","meta":[],"_links":{"self":[{"href":"https:\/\/www.metalmpr.rs\/main\/index.php?rest_route=\/wp\/v2\/pages\/60"}],"collection":[{"href":"https:\/\/www.metalmpr.rs\/main\/index.php?rest_route=\/wp\/v2\/pages"}],"about":[{"href":"https:\/\/www.metalmpr.rs\/main\/index.php?rest_route=\/wp\/v2\/types\/page"}],"author":[{"embeddable":true,"href":"https:\/\/www.metalmpr.rs\/main\/index.php?rest_route=\/wp\/v2\/users\/1"}],"replies":[{"embeddable":true,"href":"https:\/\/www.metalmpr.rs\/main\/index.php?rest_route=%2Fwp%2Fv2%2Fcomments&post=60"}],"version-history":[{"count":34,"href":"https:\/\/www.metalmpr.rs\/main\/index.php?rest_route=\/wp\/v2\/pages\/60\/revisions"}],"predecessor-version":[{"id":749,"href":"https:\/\/www.metalmpr.rs\/main\/index.php?rest_route=\/wp\/v2\/pages\/60\/revisions\/749"}],"wp:attachment":[{"href":"https:\/\/www.metalmpr.rs\/main\/index.php?rest_route=%2Fwp%2Fv2%2Fmedia&parent=60"}],"curies":[{"name":"wp","href":"https:\/\/api.w.org\/{rel}","templated":true}]}}