{"id":93,"date":"2011-07-25T16:00:38","date_gmt":"2011-07-25T14:00:38","guid":{"rendered":"http:\/\/www.metalm.rs\/main\/?page_id=93"},"modified":"2024-12-06T15:32:33","modified_gmt":"2024-12-06T14:32:33","slug":"brisaci-podova","status":"publish","type":"page","link":"https:\/\/www.metalmpr.rs\/main\/?page_id=93","title":{"rendered":"Zoger sa mehanizmom"},"content":{"rendered":"<p style=\"text-align: justify;\">Namenjeni su za odr\u017eavanje glatkih povr\u0161ina i podova, rukovanje je veoma lako i jednostavno. Efikasno kupe vodu i uklanjaju sve ne\u010disto\u0107e.<br \/>\nIzradjeni su od kvalitetnog lima, koji je zasti\u0107en od korozije plastificiranjem. Zamena habaju\u0107eg ulo\u0161ka je brza i jednostavna.<\/p>\n<p style=\"text-align: justify;\"><img decoding=\"async\" loading=\"lazy\" class=\"size-full wp-image-226 alignnone\" title=\"Metal M zogeri\" src=\"http:\/\/www.metalm.rs\/main\/wp-content\/uploads\/zogerimain.jpg\" alt=\"Brisaci podova, Zogeri\" width=\"598\" height=\"299\" srcset=\"https:\/\/www.metalmpr.rs\/main\/wp-content\/uploads\/zogerimain.jpg 598w, https:\/\/www.metalmpr.rs\/main\/wp-content\/uploads\/zogerimain-300x150.jpg 300w\" sizes=\"(max-width: 598px) 100vw, 598px\" \/><\/p>\n","protected":false},"excerpt":{"rendered":"<p>Namenjeni su za odr\u017eavanje glatkih povr\u0161ina i podova, rukovanje je veoma lako i jednostavno. Efikasno kupe vodu i [&hellip;]<\/p>\n","protected":false},"author":1,"featured_media":0,"parent":20,"menu_order":2,"comment_status":"closed","ping_status":"closed","template":"","meta":[],"_links":{"self":[{"href":"https:\/\/www.metalmpr.rs\/main\/index.php?rest_route=\/wp\/v2\/pages\/93"}],"collection":[{"href":"https:\/\/www.metalmpr.rs\/main\/index.php?rest_route=\/wp\/v2\/pages"}],"about":[{"href":"https:\/\/www.metalmpr.rs\/main\/index.php?rest_route=\/wp\/v2\/types\/page"}],"author":[{"embeddable":true,"href":"https:\/\/www.metalmpr.rs\/main\/index.php?rest_route=\/wp\/v2\/users\/1"}],"replies":[{"embeddable":true,"href":"https:\/\/www.metalmpr.rs\/main\/index.php?rest_route=%2Fwp%2Fv2%2Fcomments&post=93"}],"version-history":[{"count":13,"href":"https:\/\/www.metalmpr.rs\/main\/index.php?rest_route=\/wp\/v2\/pages\/93\/revisions"}],"predecessor-version":[{"id":101,"href":"https:\/\/www.metalmpr.rs\/main\/index.php?rest_route=\/wp\/v2\/pages\/93\/revisions\/101"}],"up":[{"embeddable":true,"href":"https:\/\/www.metalmpr.rs\/main\/index.php?rest_route=\/wp\/v2\/pages\/20"}],"wp:attachment":[{"href":"https:\/\/www.metalmpr.rs\/main\/index.php?rest_route=%2Fwp%2Fv2%2Fmedia&parent=93"}],"curies":[{"name":"wp","href":"https:\/\/api.w.org\/{rel}","templated":true}]}}